{"id":6443,"date":"2025-09-09T12:38:03","date_gmt":"2025-09-09T12:38:03","guid":{"rendered":"https:\/\/tienda.curtidosatienza.com\/?post_type=product&#038;p=6443"},"modified":"2025-09-09T12:52:35","modified_gmt":"2025-09-09T12:52:35","slug":"cinturon-coco","status":"publish","type":"product","link":"https:\/\/tienda.curtidosatienza.com\/en\/product\/cinturon-coco\/","title":{"rendered":"Cintur\u00f3n coco"},"content":{"rendered":"<p>Cintur\u00f3n cocodrilo<\/p>\n<p>100% vegetal<\/p>\n<p>Poner en observaci\u00f3n la talla que tenga<\/p>\n<p>De la 80 a la 120<\/p>","protected":false},"excerpt":{"rendered":"<p>Cintur\u00f3n cocodrilo 100% vegetal Poner en observaci\u00f3n la talla que tenga De la 80 a la 120<\/p>","protected":false},"featured_media":6439,"template":"","meta":{"_joinchat":[]},"product_brand":[],"product_cat":[139,15,44],"product_tag":[],"class_list":{"0":"post-6443","1":"product","2":"type-product","3":"status-publish","4":"has-post-thumbnail","6":"product_cat-cinturon","7":"product_cat-sin-categorizar","8":"product_cat-pieles","10":"first","11":"instock","12":"taxable","13":"shipping-taxable","14":"purchasable","15":"product-type-variable"},"yoast_head":"<!-- This site is optimized with the Yoast SEO plugin v25.4 - https:\/\/yoast.com\/wordpress\/plugins\/seo\/ -->\n<title>Cintur\u00f3n coco - Tienda Curtidos Atienza<\/title>\n<meta name=\"robots\" content=\"index, follow, max-snippet:-1, max-image-preview:large, max-video-preview:-1\" \/>\n<link rel=\"canonical\" href=\"https:\/\/tienda.curtidosatienza.com\/en\/product\/cinturon-coco\/\" \/>\n<meta property=\"og:locale\" content=\"en_GB\" \/>\n<meta property=\"og:type\" content=\"article\" \/>\n<meta property=\"og:title\" content=\"Cintur\u00f3n coco - Tienda Curtidos Atienza\" \/>\n<meta property=\"og:description\" content=\"Cintur\u00f3n cocodrilo 100% vegetal Poner en observaci\u00f3n la talla que tenga De la 80 a la 120\" \/>\n<meta property=\"og:url\" content=\"https:\/\/tienda.curtidosatienza.com\/en\/product\/cinturon-coco\/\" \/>\n<meta property=\"og:site_name\" content=\"Tienda Curtidos Atienza\" \/>\n<meta property=\"article:publisher\" content=\"https:\/\/www.facebook.com\/profile.php?id=100009355289715\" \/>\n<meta property=\"article:modified_time\" content=\"2025-09-09T12:52:35+00:00\" \/>\n<meta property=\"og:image\" content=\"https:\/\/tienda.curtidosatienza.com\/wp-content\/uploads\/2025\/09\/img_0900-scaled.jpeg\" \/>\n\t<meta property=\"og:image:width\" content=\"2560\" \/>\n\t<meta property=\"og:image:height\" content=\"1920\" \/>\n\t<meta property=\"og:image:type\" content=\"image\/jpeg\" \/>\n<meta name=\"twitter:card\" content=\"summary_large_image\" \/>\n<script type=\"application\/ld+json\" class=\"yoast-schema-graph\">{\"@context\":\"https:\/\/schema.org\",\"@graph\":[{\"@type\":\"WebPage\",\"@id\":\"https:\/\/tienda.curtidosatienza.com\/producto\/cinturon-coco\/\",\"url\":\"https:\/\/tienda.curtidosatienza.com\/producto\/cinturon-coco\/\",\"name\":\"Cintur\u00f3n coco - Tienda Curtidos Atienza\",\"isPartOf\":{\"@id\":\"https:\/\/tienda.curtidosatienza.com\/#website\"},\"primaryImageOfPage\":{\"@id\":\"https:\/\/tienda.curtidosatienza.com\/producto\/cinturon-coco\/#primaryimage\"},\"image\":{\"@id\":\"https:\/\/tienda.curtidosatienza.com\/producto\/cinturon-coco\/#primaryimage\"},\"thumbnailUrl\":\"https:\/\/tienda.curtidosatienza.com\/wp-content\/uploads\/2025\/09\/img_0900-scaled.jpeg\",\"datePublished\":\"2025-09-09T12:38:03+00:00\",\"dateModified\":\"2025-09-09T12:52:35+00:00\",\"breadcrumb\":{\"@id\":\"https:\/\/tienda.curtidosatienza.com\/producto\/cinturon-coco\/#breadcrumb\"},\"inLanguage\":\"en-GB\",\"potentialAction\":[{\"@type\":\"ReadAction\",\"target\":[\"https:\/\/tienda.curtidosatienza.com\/producto\/cinturon-coco\/\"]}]},{\"@type\":\"ImageObject\",\"inLanguage\":\"en-GB\",\"@id\":\"https:\/\/tienda.curtidosatienza.com\/producto\/cinturon-coco\/#primaryimage\",\"url\":\"https:\/\/tienda.curtidosatienza.com\/wp-content\/uploads\/2025\/09\/img_0900-scaled.jpeg\",\"contentUrl\":\"https:\/\/tienda.curtidosatienza.com\/wp-content\/uploads\/2025\/09\/img_0900-scaled.jpeg\",\"width\":2560,\"height\":1920},{\"@type\":\"BreadcrumbList\",\"@id\":\"https:\/\/tienda.curtidosatienza.com\/producto\/cinturon-coco\/#breadcrumb\",\"itemListElement\":[{\"@type\":\"ListItem\",\"position\":1,\"name\":\"Portada\",\"item\":\"https:\/\/tienda.curtidosatienza.com\/\"},{\"@type\":\"ListItem\",\"position\":2,\"name\":\"Tienda\",\"item\":\"https:\/\/tienda.curtidosatienza.com\/\"},{\"@type\":\"ListItem\",\"position\":3,\"name\":\"Cintur\u00f3n coco\"}]},{\"@type\":\"WebSite\",\"@id\":\"https:\/\/tienda.curtidosatienza.com\/#website\",\"url\":\"https:\/\/tienda.curtidosatienza.com\/\",\"name\":\"Tienda Curtidos Atienza\",\"description\":\"Cuero artesanal con engrasado vegetal\",\"publisher\":{\"@id\":\"https:\/\/tienda.curtidosatienza.com\/#organization\"},\"alternateName\":\"Tienda Curtidos Atienza\",\"potentialAction\":[{\"@type\":\"SearchAction\",\"target\":{\"@type\":\"EntryPoint\",\"urlTemplate\":\"https:\/\/tienda.curtidosatienza.com\/?s={search_term_string}\"},\"query-input\":{\"@type\":\"PropertyValueSpecification\",\"valueRequired\":true,\"valueName\":\"search_term_string\"}}],\"inLanguage\":\"en-GB\"},{\"@type\":\"Organization\",\"@id\":\"https:\/\/tienda.curtidosatienza.com\/#organization\",\"name\":\"Tienda Curtidos Atienza\",\"url\":\"https:\/\/tienda.curtidosatienza.com\/\",\"logo\":{\"@type\":\"ImageObject\",\"inLanguage\":\"en-GB\",\"@id\":\"https:\/\/tienda.curtidosatienza.com\/#\/schema\/logo\/image\/\",\"url\":\"https:\/\/tienda.curtidosatienza.com\/wp-content\/uploads\/2023\/09\/logotipo-curtidos-atienza.png\",\"contentUrl\":\"https:\/\/tienda.curtidosatienza.com\/wp-content\/uploads\/2023\/09\/logotipo-curtidos-atienza.png\",\"width\":435,\"height\":86,\"caption\":\"Tienda Curtidos Atienza\"},\"image\":{\"@id\":\"https:\/\/tienda.curtidosatienza.com\/#\/schema\/logo\/image\/\"},\"sameAs\":[\"https:\/\/www.facebook.com\/profile.php?id=100009355289715\",\"http:\/\/instagram.com\/curtidos_atienza\/\"]}]}<\/script>\n<!-- \/ Yoast SEO plugin. -->","yoast_head_json":{"title":"Cintur\u00f3n coco - Tienda Curtidos Atienza","robots":{"index":"index","follow":"follow","max-snippet":"max-snippet:-1","max-image-preview":"max-image-preview:large","max-video-preview":"max-video-preview:-1"},"canonical":"https:\/\/tienda.curtidosatienza.com\/en\/product\/cinturon-coco\/","og_locale":"en_GB","og_type":"article","og_title":"Cintur\u00f3n coco - Tienda Curtidos Atienza","og_description":"Cintur\u00f3n cocodrilo 100% vegetal Poner en observaci\u00f3n la talla que tenga De la 80 a la 120","og_url":"https:\/\/tienda.curtidosatienza.com\/en\/product\/cinturon-coco\/","og_site_name":"Tienda Curtidos Atienza","article_publisher":"https:\/\/www.facebook.com\/profile.php?id=100009355289715","article_modified_time":"2025-09-09T12:52:35+00:00","og_image":[{"width":2560,"height":1920,"url":"https:\/\/tienda.curtidosatienza.com\/wp-content\/uploads\/2025\/09\/img_0900-scaled.jpeg","type":"image\/jpeg"}],"twitter_card":"summary_large_image","schema":{"@context":"https:\/\/schema.org","@graph":[{"@type":"WebPage","@id":"https:\/\/tienda.curtidosatienza.com\/producto\/cinturon-coco\/","url":"https:\/\/tienda.curtidosatienza.com\/producto\/cinturon-coco\/","name":"Cintur\u00f3n coco - Tienda Curtidos Atienza","isPartOf":{"@id":"https:\/\/tienda.curtidosatienza.com\/#website"},"primaryImageOfPage":{"@id":"https:\/\/tienda.curtidosatienza.com\/producto\/cinturon-coco\/#primaryimage"},"image":{"@id":"https:\/\/tienda.curtidosatienza.com\/producto\/cinturon-coco\/#primaryimage"},"thumbnailUrl":"https:\/\/tienda.curtidosatienza.com\/wp-content\/uploads\/2025\/09\/img_0900-scaled.jpeg","datePublished":"2025-09-09T12:38:03+00:00","dateModified":"2025-09-09T12:52:35+00:00","breadcrumb":{"@id":"https:\/\/tienda.curtidosatienza.com\/producto\/cinturon-coco\/#breadcrumb"},"inLanguage":"en-GB","potentialAction":[{"@type":"ReadAction","target":["https:\/\/tienda.curtidosatienza.com\/producto\/cinturon-coco\/"]}]},{"@type":"ImageObject","inLanguage":"en-GB","@id":"https:\/\/tienda.curtidosatienza.com\/producto\/cinturon-coco\/#primaryimage","url":"https:\/\/tienda.curtidosatienza.com\/wp-content\/uploads\/2025\/09\/img_0900-scaled.jpeg","contentUrl":"https:\/\/tienda.curtidosatienza.com\/wp-content\/uploads\/2025\/09\/img_0900-scaled.jpeg","width":2560,"height":1920},{"@type":"BreadcrumbList","@id":"https:\/\/tienda.curtidosatienza.com\/producto\/cinturon-coco\/#breadcrumb","itemListElement":[{"@type":"ListItem","position":1,"name":"Portada","item":"https:\/\/tienda.curtidosatienza.com\/"},{"@type":"ListItem","position":2,"name":"Tienda","item":"https:\/\/tienda.curtidosatienza.com\/"},{"@type":"ListItem","position":3,"name":"Cintur\u00f3n coco"}]},{"@type":"WebSite","@id":"https:\/\/tienda.curtidosatienza.com\/#website","url":"https:\/\/tienda.curtidosatienza.com\/","name":"Tienda Curtidos Atienza","description":"Cuero artesanal con engrasado vegetal","publisher":{"@id":"https:\/\/tienda.curtidosatienza.com\/#organization"},"alternateName":"Tienda Curtidos Atienza","potentialAction":[{"@type":"SearchAction","target":{"@type":"EntryPoint","urlTemplate":"https:\/\/tienda.curtidosatienza.com\/?s={search_term_string}"},"query-input":{"@type":"PropertyValueSpecification","valueRequired":true,"valueName":"search_term_string"}}],"inLanguage":"en-GB"},{"@type":"Organization","@id":"https:\/\/tienda.curtidosatienza.com\/#organization","name":"Tienda Curtidos Atienza","url":"https:\/\/tienda.curtidosatienza.com\/","logo":{"@type":"ImageObject","inLanguage":"en-GB","@id":"https:\/\/tienda.curtidosatienza.com\/#\/schema\/logo\/image\/","url":"https:\/\/tienda.curtidosatienza.com\/wp-content\/uploads\/2023\/09\/logotipo-curtidos-atienza.png","contentUrl":"https:\/\/tienda.curtidosatienza.com\/wp-content\/uploads\/2023\/09\/logotipo-curtidos-atienza.png","width":435,"height":86,"caption":"Tienda Curtidos Atienza"},"image":{"@id":"https:\/\/tienda.curtidosatienza.com\/#\/schema\/logo\/image\/"},"sameAs":["https:\/\/www.facebook.com\/profile.php?id=100009355289715","http:\/\/instagram.com\/curtidos_atienza\/"]}]}},"_links":{"self":[{"href":"https:\/\/tienda.curtidosatienza.com\/en\/wp-json\/wp\/v2\/product\/6443","targetHints":{"allow":["GET"]}}],"collection":[{"href":"https:\/\/tienda.curtidosatienza.com\/en\/wp-json\/wp\/v2\/product"}],"about":[{"href":"https:\/\/tienda.curtidosatienza.com\/en\/wp-json\/wp\/v2\/types\/product"}],"wp:featuredmedia":[{"embeddable":true,"href":"https:\/\/tienda.curtidosatienza.com\/en\/wp-json\/wp\/v2\/media\/6439"}],"wp:attachment":[{"href":"https:\/\/tienda.curtidosatienza.com\/en\/wp-json\/wp\/v2\/media?parent=6443"}],"wp:term":[{"taxonomy":"product_brand","embeddable":true,"href":"https:\/\/tienda.curtidosatienza.com\/en\/wp-json\/wp\/v2\/product_brand?post=6443"},{"taxonomy":"product_cat","embeddable":true,"href":"https:\/\/tienda.curtidosatienza.com\/en\/wp-json\/wp\/v2\/product_cat?post=6443"},{"taxonomy":"product_tag","embeddable":true,"href":"https:\/\/tienda.curtidosatienza.com\/en\/wp-json\/wp\/v2\/product_tag?post=6443"}],"curies":[{"name":"wp","href":"https:\/\/api.w.org\/{rel}","templated":true}]}}