{"id":2552,"date":"2023-08-11T11:47:10","date_gmt":"2023-08-11T11:47:10","guid":{"rendered":"https:\/\/blissful-grothendieck.82-98-170-154.plesk.page\/?post_type=product&#038;p=2552"},"modified":"2024-09-09T09:02:36","modified_gmt":"2024-09-09T09:02:36","slug":"crupon-flor","status":"publish","type":"product","link":"https:\/\/tienda.curtidosatienza.com\/en\/product\/crupon-flor\/","title":{"rendered":"Full Grain doble butts"},"content":{"rendered":"<p>Vaquetilla butt leather<\/p>\n<p>100% vegetable-tanned.<\/p>\n<p>Thickness 3,00 \u2013 4,00 mm.<\/p>\n<p>Mixed quality \u2013 second grade.<\/p>","protected":false},"excerpt":{"rendered":"<p>Full-grain butt leather mainly used in saddlery, belt making, and furniture.<\/p>","protected":false},"featured_media":2569,"template":"","meta":{"_joinchat":[]},"product_brand":[],"product_cat":[44],"product_tag":[59,72,62,73,48],"class_list":{"0":"post-2552","1":"product","2":"type-product","3":"status-publish","4":"has-post-thumbnail","6":"product_cat-pieles","7":"product_tag-crupon","8":"product_tag-crupon-flor","9":"product_tag-crupon-marron","10":"product_tag-crupon-negro","11":"product_tag-piel","13":"first","14":"instock","15":"taxable","16":"shipping-taxable","17":"purchasable","18":"product-type-variable"},"yoast_head":"<!-- This site is optimized with the Yoast SEO plugin v25.4 - https:\/\/yoast.com\/wordpress\/plugins\/seo\/ -->\n<title>Crup\u00f3n Flor - Tienda Curtidos Atienza<\/title>\n<meta name=\"robots\" content=\"index, follow, max-snippet:-1, max-image-preview:large, max-video-preview:-1\" \/>\n<link rel=\"canonical\" href=\"https:\/\/tienda.curtidosatienza.com\/en\/product\/crupon-flor\/\" \/>\n<meta property=\"og:locale\" content=\"en_GB\" \/>\n<meta property=\"og:type\" content=\"article\" \/>\n<meta property=\"og:title\" content=\"Crup\u00f3n Flor - Tienda Curtidos Atienza\" \/>\n<meta property=\"og:description\" content=\"Crup\u00f3n flor utilizado principalmente en guarnicioner\u00eda, confecci\u00f3n de cinturones y en mobiliario.\" \/>\n<meta property=\"og:url\" content=\"https:\/\/tienda.curtidosatienza.com\/en\/product\/crupon-flor\/\" \/>\n<meta property=\"og:site_name\" content=\"Tienda Curtidos Atienza\" \/>\n<meta property=\"article:publisher\" content=\"https:\/\/www.facebook.com\/profile.php?id=100009355289715\" \/>\n<meta property=\"article:modified_time\" content=\"2024-09-09T09:02:36+00:00\" \/>\n<meta property=\"og:image\" content=\"https:\/\/tienda.curtidosatienza.com\/wp-content\/uploads\/2023\/08\/Crupon-Flor-En-Pasta.jpg\" \/>\n\t<meta property=\"og:image:width\" content=\"800\" \/>\n\t<meta property=\"og:image:height\" content=\"800\" \/>\n\t<meta property=\"og:image:type\" content=\"image\/jpeg\" \/>\n<meta name=\"twitter:card\" content=\"summary_large_image\" \/>\n<script type=\"application\/ld+json\" class=\"yoast-schema-graph\">{\"@context\":\"https:\/\/schema.org\",\"@graph\":[{\"@type\":\"WebPage\",\"@id\":\"https:\/\/tienda.curtidosatienza.com\/producto\/crupon-flor\/\",\"url\":\"https:\/\/tienda.curtidosatienza.com\/producto\/crupon-flor\/\",\"name\":\"Crup\u00f3n Flor - Tienda Curtidos Atienza\",\"isPartOf\":{\"@id\":\"https:\/\/tienda.curtidosatienza.com\/#website\"},\"primaryImageOfPage\":{\"@id\":\"https:\/\/tienda.curtidosatienza.com\/producto\/crupon-flor\/#primaryimage\"},\"image\":{\"@id\":\"https:\/\/tienda.curtidosatienza.com\/producto\/crupon-flor\/#primaryimage\"},\"thumbnailUrl\":\"https:\/\/tienda.curtidosatienza.com\/wp-content\/uploads\/2023\/08\/Crupon-Flor-En-Pasta.jpg\",\"datePublished\":\"2023-08-11T11:47:10+00:00\",\"dateModified\":\"2024-09-09T09:02:36+00:00\",\"breadcrumb\":{\"@id\":\"https:\/\/tienda.curtidosatienza.com\/producto\/crupon-flor\/#breadcrumb\"},\"inLanguage\":\"en-GB\",\"potentialAction\":[{\"@type\":\"ReadAction\",\"target\":[\"https:\/\/tienda.curtidosatienza.com\/producto\/crupon-flor\/\"]}]},{\"@type\":\"ImageObject\",\"inLanguage\":\"en-GB\",\"@id\":\"https:\/\/tienda.curtidosatienza.com\/producto\/crupon-flor\/#primaryimage\",\"url\":\"https:\/\/tienda.curtidosatienza.com\/wp-content\/uploads\/2023\/08\/Crupon-Flor-En-Pasta.jpg\",\"contentUrl\":\"https:\/\/tienda.curtidosatienza.com\/wp-content\/uploads\/2023\/08\/Crupon-Flor-En-Pasta.jpg\",\"width\":800,\"height\":800},{\"@type\":\"BreadcrumbList\",\"@id\":\"https:\/\/tienda.curtidosatienza.com\/producto\/crupon-flor\/#breadcrumb\",\"itemListElement\":[{\"@type\":\"ListItem\",\"position\":1,\"name\":\"Portada\",\"item\":\"https:\/\/tienda.curtidosatienza.com\/\"},{\"@type\":\"ListItem\",\"position\":2,\"name\":\"Tienda\",\"item\":\"https:\/\/tienda.curtidosatienza.com\/\"},{\"@type\":\"ListItem\",\"position\":3,\"name\":\"Crup\u00f3n Flor\"}]},{\"@type\":\"WebSite\",\"@id\":\"https:\/\/tienda.curtidosatienza.com\/#website\",\"url\":\"https:\/\/tienda.curtidosatienza.com\/\",\"name\":\"Tienda Curtidos Atienza\",\"description\":\"Cuero artesanal con engrasado vegetal\",\"publisher\":{\"@id\":\"https:\/\/tienda.curtidosatienza.com\/#organization\"},\"alternateName\":\"Tienda Curtidos Atienza\",\"potentialAction\":[{\"@type\":\"SearchAction\",\"target\":{\"@type\":\"EntryPoint\",\"urlTemplate\":\"https:\/\/tienda.curtidosatienza.com\/?s={search_term_string}\"},\"query-input\":{\"@type\":\"PropertyValueSpecification\",\"valueRequired\":true,\"valueName\":\"search_term_string\"}}],\"inLanguage\":\"en-GB\"},{\"@type\":\"Organization\",\"@id\":\"https:\/\/tienda.curtidosatienza.com\/#organization\",\"name\":\"Tienda Curtidos Atienza\",\"url\":\"https:\/\/tienda.curtidosatienza.com\/\",\"logo\":{\"@type\":\"ImageObject\",\"inLanguage\":\"en-GB\",\"@id\":\"https:\/\/tienda.curtidosatienza.com\/#\/schema\/logo\/image\/\",\"url\":\"https:\/\/tienda.curtidosatienza.com\/wp-content\/uploads\/2023\/09\/logotipo-curtidos-atienza.png\",\"contentUrl\":\"https:\/\/tienda.curtidosatienza.com\/wp-content\/uploads\/2023\/09\/logotipo-curtidos-atienza.png\",\"width\":435,\"height\":86,\"caption\":\"Tienda Curtidos Atienza\"},\"image\":{\"@id\":\"https:\/\/tienda.curtidosatienza.com\/#\/schema\/logo\/image\/\"},\"sameAs\":[\"https:\/\/www.facebook.com\/profile.php?id=100009355289715\",\"http:\/\/instagram.com\/curtidos_atienza\/\"]}]}<\/script>\n<!-- \/ Yoast SEO plugin. -->","yoast_head_json":{"title":"Crup\u00f3n Flor - Tienda Curtidos Atienza","robots":{"index":"index","follow":"follow","max-snippet":"max-snippet:-1","max-image-preview":"max-image-preview:large","max-video-preview":"max-video-preview:-1"},"canonical":"https:\/\/tienda.curtidosatienza.com\/en\/product\/crupon-flor\/","og_locale":"en_GB","og_type":"article","og_title":"Crup\u00f3n Flor - Tienda Curtidos Atienza","og_description":"Crup\u00f3n flor utilizado principalmente en guarnicioner\u00eda, confecci\u00f3n de cinturones y en mobiliario.","og_url":"https:\/\/tienda.curtidosatienza.com\/en\/product\/crupon-flor\/","og_site_name":"Tienda Curtidos Atienza","article_publisher":"https:\/\/www.facebook.com\/profile.php?id=100009355289715","article_modified_time":"2024-09-09T09:02:36+00:00","og_image":[{"width":800,"height":800,"url":"https:\/\/tienda.curtidosatienza.com\/wp-content\/uploads\/2023\/08\/Crupon-Flor-En-Pasta.jpg","type":"image\/jpeg"}],"twitter_card":"summary_large_image","schema":{"@context":"https:\/\/schema.org","@graph":[{"@type":"WebPage","@id":"https:\/\/tienda.curtidosatienza.com\/producto\/crupon-flor\/","url":"https:\/\/tienda.curtidosatienza.com\/producto\/crupon-flor\/","name":"Crup\u00f3n Flor - Tienda Curtidos Atienza","isPartOf":{"@id":"https:\/\/tienda.curtidosatienza.com\/#website"},"primaryImageOfPage":{"@id":"https:\/\/tienda.curtidosatienza.com\/producto\/crupon-flor\/#primaryimage"},"image":{"@id":"https:\/\/tienda.curtidosatienza.com\/producto\/crupon-flor\/#primaryimage"},"thumbnailUrl":"https:\/\/tienda.curtidosatienza.com\/wp-content\/uploads\/2023\/08\/Crupon-Flor-En-Pasta.jpg","datePublished":"2023-08-11T11:47:10+00:00","dateModified":"2024-09-09T09:02:36+00:00","breadcrumb":{"@id":"https:\/\/tienda.curtidosatienza.com\/producto\/crupon-flor\/#breadcrumb"},"inLanguage":"en-GB","potentialAction":[{"@type":"ReadAction","target":["https:\/\/tienda.curtidosatienza.com\/producto\/crupon-flor\/"]}]},{"@type":"ImageObject","inLanguage":"en-GB","@id":"https:\/\/tienda.curtidosatienza.com\/producto\/crupon-flor\/#primaryimage","url":"https:\/\/tienda.curtidosatienza.com\/wp-content\/uploads\/2023\/08\/Crupon-Flor-En-Pasta.jpg","contentUrl":"https:\/\/tienda.curtidosatienza.com\/wp-content\/uploads\/2023\/08\/Crupon-Flor-En-Pasta.jpg","width":800,"height":800},{"@type":"BreadcrumbList","@id":"https:\/\/tienda.curtidosatienza.com\/producto\/crupon-flor\/#breadcrumb","itemListElement":[{"@type":"ListItem","position":1,"name":"Portada","item":"https:\/\/tienda.curtidosatienza.com\/"},{"@type":"ListItem","position":2,"name":"Tienda","item":"https:\/\/tienda.curtidosatienza.com\/"},{"@type":"ListItem","position":3,"name":"Crup\u00f3n Flor"}]},{"@type":"WebSite","@id":"https:\/\/tienda.curtidosatienza.com\/#website","url":"https:\/\/tienda.curtidosatienza.com\/","name":"Tienda Curtidos Atienza","description":"Cuero artesanal con engrasado vegetal","publisher":{"@id":"https:\/\/tienda.curtidosatienza.com\/#organization"},"alternateName":"Tienda Curtidos Atienza","potentialAction":[{"@type":"SearchAction","target":{"@type":"EntryPoint","urlTemplate":"https:\/\/tienda.curtidosatienza.com\/?s={search_term_string}"},"query-input":{"@type":"PropertyValueSpecification","valueRequired":true,"valueName":"search_term_string"}}],"inLanguage":"en-GB"},{"@type":"Organization","@id":"https:\/\/tienda.curtidosatienza.com\/#organization","name":"Tienda Curtidos Atienza","url":"https:\/\/tienda.curtidosatienza.com\/","logo":{"@type":"ImageObject","inLanguage":"en-GB","@id":"https:\/\/tienda.curtidosatienza.com\/#\/schema\/logo\/image\/","url":"https:\/\/tienda.curtidosatienza.com\/wp-content\/uploads\/2023\/09\/logotipo-curtidos-atienza.png","contentUrl":"https:\/\/tienda.curtidosatienza.com\/wp-content\/uploads\/2023\/09\/logotipo-curtidos-atienza.png","width":435,"height":86,"caption":"Tienda Curtidos Atienza"},"image":{"@id":"https:\/\/tienda.curtidosatienza.com\/#\/schema\/logo\/image\/"},"sameAs":["https:\/\/www.facebook.com\/profile.php?id=100009355289715","http:\/\/instagram.com\/curtidos_atienza\/"]}]}},"_links":{"self":[{"href":"https:\/\/tienda.curtidosatienza.com\/en\/wp-json\/wp\/v2\/product\/2552","targetHints":{"allow":["GET"]}}],"collection":[{"href":"https:\/\/tienda.curtidosatienza.com\/en\/wp-json\/wp\/v2\/product"}],"about":[{"href":"https:\/\/tienda.curtidosatienza.com\/en\/wp-json\/wp\/v2\/types\/product"}],"wp:featuredmedia":[{"embeddable":true,"href":"https:\/\/tienda.curtidosatienza.com\/en\/wp-json\/wp\/v2\/media\/2569"}],"wp:attachment":[{"href":"https:\/\/tienda.curtidosatienza.com\/en\/wp-json\/wp\/v2\/media?parent=2552"}],"wp:term":[{"taxonomy":"product_brand","embeddable":true,"href":"https:\/\/tienda.curtidosatienza.com\/en\/wp-json\/wp\/v2\/product_brand?post=2552"},{"taxonomy":"product_cat","embeddable":true,"href":"https:\/\/tienda.curtidosatienza.com\/en\/wp-json\/wp\/v2\/product_cat?post=2552"},{"taxonomy":"product_tag","embeddable":true,"href":"https:\/\/tienda.curtidosatienza.com\/en\/wp-json\/wp\/v2\/product_tag?post=2552"}],"curies":[{"name":"wp","href":"https:\/\/api.w.org\/{rel}","templated":true}]}}